{"id":318,"date":"2026-05-09T19:14:00","date_gmt":"2026-05-09T19:14:00","guid":{"rendered":"https:\/\/flohmarkt.harkenbleck.de\/?page_id=318"},"modified":"2026-05-09T20:25:17","modified_gmt":"2026-05-09T20:25:17","slug":"impressum","status":"publish","type":"page","link":"https:\/\/flohmarkt.harkenbleck.de\/?page_id=318","title":{"rendered":"Impressum"},"content":{"rendered":"\n<p><br><strong>Anbieter gem\u00e4\u00df \u00a7 5 des Digitale-Dienste-Gesetz (DGG) und \u00a7 18 des Medienstaatsvertrags (MStV):<\/strong><\/p>\n\n\n\n<p>F\u00f6rderverein Harkenblecker Spielgarten e.V.<br>Hallerskamp 8<br>30966 Hemmingen OT Harkenbleck \/ GERMANY<br><\/p>\n\n\n\n<p>eMail: spielgarten(at)harkenbleck.de<\/p>\n\n\n\n<p>Vereinsregister: Amtsgericht Hannover, VR 4909<\/p>\n\n\n\n<p><br><strong>Vertretungsberechtigt:<\/strong><\/p>\n\n\n\n<p>Ann-Kathrin Ostwald &#8211; Vorstandsvorsitzende<\/p>\n\n\n\n<p>Christian Hartleben &#8211; Schatzmeister<\/p>\n\n\n\n<p>Melanie Schwede &#8211; Schriftf\u00fchrerin<\/p>\n\n\n\n<p><\/p>\n\n\n\n<details class=\"wp-block-details is-layout-flow wp-block-details-is-layout-flow\"><summary><strong>Genderhinweis<\/strong><\/summary>\n<p>Aus Gr\u00fcnden der besseren Lesbarkeit wird auf dieser Website bei Personenbezeichnungen teilweise die m\u00e4nnliche Form verwendet. Die verk\u00fcrzte Sprachform hat nur redaktionelle Gr\u00fcnde und beinhaltet keine Wertung.<\/p>\n\n\n\n<p><\/p>\n<\/details>\n\n\n\n<p><\/p>\n\n\n\n<p><strong>Rechtliche Hinweise<\/strong><\/p>\n\n\n\n<p><strong>1. Inhalt des Onlineangebotes<\/strong><\/p>\n\n\n\n<p>Alle Angaben unseres Internetangebotes wurden sorgf\u00e4ltig gepr\u00fcft. Wir bem\u00fchen uns, dieses Informationsangebot aktuell und inhaltlich richtig sowie vollst\u00e4ndig anzubieten. Dennoch kann eine Garantie f\u00fcr die Vollst\u00e4ndigkeit, Richtigkeit und letzte Aktualit\u00e4t nicht \u00fcbernommen werden.<\/p>\n\n\n\n<p>Der Herausgeberin der Website kann dieses Informationsangebot nach eigenem Ermessen jederzeit ohne Ank\u00fcndigung ver\u00e4ndern und \/ oder dessen Betrieb einstellen.<\/p>\n\n\n\n<p><strong>2. Verweise und Links<\/strong><\/p>\n\n\n\n<p>Das Internetangebot kann Links auf die Internetseiten Dritter enthalten. Wir \u00fcbernehmen keine Verantwortung f\u00fcr die Inhalte und die Verf\u00fcgbarkeit von Internetseiten Dritter, die \u00fcber externe Links dieses Informationsangebotes erreicht werden. Der Herausgeber der Website distanziert sich ausdr\u00fccklich von allen Inhalten, die m\u00f6glicherweise straf- oder haftungsrechtlich relevant sind oder gegen die guten Sitten versto\u00dfen.<\/p>\n\n\n\n<p><strong>3. Urheber- und Kennzeichenrecht<\/strong><\/p>\n\n\n\n<p>Das Copyright f\u00fcr die Texte und f\u00fcr die Bilder liegt, soweit nicht anders vermerkt, bei dem F\u00f6rderverein Harkenblecker Spielgarte e.V., Hemmingen, vertreten durch den Vorstand. Alle auf dem Internetangebot zur Verf\u00fcgung gestellten Texte, Textteile, Grafiken, Tabellen, Bildmaterialien oder Video-\/Tonsequenzen d\u00fcrfen ohne vorherige Zustimmung dem F\u00f6rderverein Harkenblecker Spielgarte e.V., Hemmingen, vertreten durch den Vorstand, nicht vervielf\u00e4ltigt, nicht verbreitet und nicht ausgestellt werden.<\/p>\n\n\n\n<p><\/p>\n","protected":false},"excerpt":{"rendered":"<p>Anbieter gem\u00e4\u00df \u00a7 5 des Digitale-Dienste-Gesetz (DGG) und \u00a7 18 des Medienstaatsvertrags (MStV): F\u00f6rderverein Harkenblecker Spielgarten e.V.Hallerskamp 830966 Hemmingen OT Harkenbleck \/ GERMANY eMail: spielgarten(at)harkenbleck.de Vereinsregister: Amtsgericht Hannover, VR 4909 Vertretungsberechtigt: Ann-Kathrin Ostwald &#8211; Vorstandsvorsitzende Christian Hartleben &#8211; Schatzmeister Melanie Schwede &#8211; Schriftf\u00fchrerin Rechtliche Hinweise 1. Inhalt des Onlineangebotes Alle Angaben unseres Internetangebotes wurden sorgf\u00e4ltig&hellip; <a class=\"more-link\" href=\"https:\/\/flohmarkt.harkenbleck.de\/?page_id=318\"><span class=\"screen-reader-text\">Impressum<\/span> weiterlesen<\/a><\/p>\n","protected":false},"author":2,"featured_media":0,"parent":0,"menu_order":0,"comment_status":"closed","ping_status":"closed","template":"","meta":{"footnotes":""},"class_list":["post-318","page","type-page","status-publish","hentry","entry"],"_links":{"self":[{"href":"https:\/\/flohmarkt.harkenbleck.de\/index.php?rest_route=\/wp\/v2\/pages\/318","targetHints":{"allow":["GET"]}}],"collection":[{"href":"https:\/\/flohmarkt.harkenbleck.de\/index.php?rest_route=\/wp\/v2\/pages"}],"about":[{"href":"https:\/\/flohmarkt.harkenbleck.de\/index.php?rest_route=\/wp\/v2\/types\/page"}],"author":[{"embeddable":true,"href":"https:\/\/flohmarkt.harkenbleck.de\/index.php?rest_route=\/wp\/v2\/users\/2"}],"replies":[{"embeddable":true,"href":"https:\/\/flohmarkt.harkenbleck.de\/index.php?rest_route=%2Fwp%2Fv2%2Fcomments&post=318"}],"version-history":[{"count":2,"href":"https:\/\/flohmarkt.harkenbleck.de\/index.php?rest_route=\/wp\/v2\/pages\/318\/revisions"}],"predecessor-version":[{"id":337,"href":"https:\/\/flohmarkt.harkenbleck.de\/index.php?rest_route=\/wp\/v2\/pages\/318\/revisions\/337"}],"wp:attachment":[{"href":"https:\/\/flohmarkt.harkenbleck.de\/index.php?rest_route=%2Fwp%2Fv2%2Fmedia&parent=318"}],"curies":[{"name":"wp","href":"https:\/\/api.w.org\/{rel}","templated":true}]}}