{"id":18,"date":"2022-08-12T07:00:04","date_gmt":"2022-08-12T07:00:04","guid":{"rendered":"https:\/\/flohmarkt.harkenbleck.de\/?page_id=18"},"modified":"2024-03-13T11:06:16","modified_gmt":"2024-03-13T11:06:16","slug":"kontakt","status":"publish","type":"page","link":"https:\/\/flohmarkt.harkenbleck.de\/?page_id=18","title":{"rendered":"Kontakt"},"content":{"rendered":"\n<p class=\"has-text-color\" style=\"color:#384f73\"><\/p>\n\n\n\n<div class=\"wp-block-columns alignwide is-layout-flex wp-container-core-columns-is-layout-9d6595d7 wp-block-columns-is-layout-flex\">\n<div class=\"wp-block-column is-layout-flow wp-block-column-is-layout-flow\">\n<h2 class=\"wp-block-heading has-black-color has-text-color\">Unser Flohmarkt findet im gesamten Dorf (Harkenbleck) statt. Parkm\u00f6glichkeiten findet man in ann\u00e4hernd jeder Stra\u00dfe.<br><\/h2>\n<\/div>\n<\/div>\n\n\n\n<div class=\"wp-block-columns alignwide is-layout-flex wp-container-core-columns-is-layout-9d6595d7 wp-block-columns-is-layout-flex\">\n<div class=\"wp-block-column is-layout-flow wp-block-column-is-layout-flow\" style=\"flex-basis:66.66%\">\n<p class=\"has-black-color has-text-color\">Bei unserem Dorf-Hof-Flohmarkt handelt es sich um einen <strong>Zusammenschluss von Privathaushalten<\/strong>. Jeder Anbieter ist also f\u00fcr sich selber &#8222;Ansprechperson&#8220;. <\/p>\n\n\n\n<p class=\"has-black-color has-text-color\">F\u00fcr externe Besucher: Leider gibt es in Harkenbleck keine \u00f6ffentlichen Toiletten.<\/p>\n\n\n\n<p class=\"has-black-color has-text-color\">Die Plakate und Koordination hat der <strong>F\u00f6rderverein Harkenblecker Spielgarten e.V.<\/strong> inne.<\/p>\n\n\n\n<p class=\"has-black-color has-text-color\">Ansprechpersonen f\u00fcr Fragen und Anregungen sind die Vorstandsmitglieder:<\/p>\n\n\n\n<p>Ann-Kathrin Ostwald<br>Christian Hartleben&nbsp;<br>Melanie Schwede<br>Darye Kulikowski<br>Katharina Moeller<\/p>\n\n\n\n<p><a rel=\"noreferrer noopener\" href=\"mailto:spielgarten@harkenbleck.de\" target=\"_blank\">Mail: spielgarten@harkenbleck.de<\/a><\/p>\n\n\n\n<p class=\"has-black-color has-text-color\">F\u00f6rderverein Harkenblecker Spielgarten e.V. <br>Hallerskamp 8, 30966 Hemmingen<br>StNr. 23\/210\/01253<br>AG Hannover VR4909<br>Gl\u00e4ubiger ID: DE20ZZZ00001268272<br><br><strong>Spendenkonto: <\/strong><br>Hannoversche Volksbank<br>IBAN: DE83 2519 0001 0187 0335 00<br>Paypal: <a rel=\"noreferrer noopener\" href=\"mailto:spielgarten@harkenbleck.de\" target=\"_blank\">spielgarten@harkenbleck.d<\/a>e<\/p>\n\n\n\n<p><\/p>\n\n\n\n<p><\/p>\n\n\n\n<p><\/p>\n\n\n\n<p><\/p>\n\n\n\n<p><\/p>\n\n\n\n<p class=\"has-black-color has-text-color\">Illustration: freepik.com<\/p>\n<\/div>\n\n\n\n<div class=\"wp-block-column is-layout-flow wp-block-column-is-layout-flow\" style=\"flex-basis:33.33%\"><\/div>\n<\/div>\n","protected":false},"excerpt":{"rendered":"<p>Unser Flohmarkt findet im gesamten Dorf (Harkenbleck) statt. Parkm\u00f6glichkeiten findet man in ann\u00e4hernd jeder Stra\u00dfe. Bei unserem Dorf-Hof-Flohmarkt handelt es sich um einen Zusammenschluss von Privathaushalten. Jeder Anbieter ist also f\u00fcr sich selber &#8222;Ansprechperson&#8220;. F\u00fcr externe Besucher: Leider gibt es in Harkenbleck keine \u00f6ffentlichen Toiletten. Die Plakate und Koordination hat der F\u00f6rderverein Harkenblecker Spielgarten e.V.&hellip; <a class=\"more-link\" href=\"https:\/\/flohmarkt.harkenbleck.de\/?page_id=18\"><span class=\"screen-reader-text\">Kontakt<\/span> weiterlesen<\/a><\/p>\n","protected":false},"author":1,"featured_media":0,"parent":0,"menu_order":0,"comment_status":"closed","ping_status":"closed","template":"","meta":{"footnotes":""},"class_list":["post-18","page","type-page","status-publish","hentry","entry"],"_links":{"self":[{"href":"https:\/\/flohmarkt.harkenbleck.de\/index.php?rest_route=\/wp\/v2\/pages\/18","targetHints":{"allow":["GET"]}}],"collection":[{"href":"https:\/\/flohmarkt.harkenbleck.de\/index.php?rest_route=\/wp\/v2\/pages"}],"about":[{"href":"https:\/\/flohmarkt.harkenbleck.de\/index.php?rest_route=\/wp\/v2\/types\/page"}],"author":[{"embeddable":true,"href":"https:\/\/flohmarkt.harkenbleck.de\/index.php?rest_route=\/wp\/v2\/users\/1"}],"replies":[{"embeddable":true,"href":"https:\/\/flohmarkt.harkenbleck.de\/index.php?rest_route=%2Fwp%2Fv2%2Fcomments&post=18"}],"version-history":[{"count":13,"href":"https:\/\/flohmarkt.harkenbleck.de\/index.php?rest_route=\/wp\/v2\/pages\/18\/revisions"}],"predecessor-version":[{"id":226,"href":"https:\/\/flohmarkt.harkenbleck.de\/index.php?rest_route=\/wp\/v2\/pages\/18\/revisions\/226"}],"wp:attachment":[{"href":"https:\/\/flohmarkt.harkenbleck.de\/index.php?rest_route=%2Fwp%2Fv2%2Fmedia&parent=18"}],"curies":[{"name":"wp","href":"https:\/\/api.w.org\/{rel}","templated":true}]}}