{"id":16,"date":"2022-08-12T07:00:04","date_gmt":"2022-08-12T07:00:04","guid":{"rendered":"https:\/\/flohmarkt.harkenbleck.de\/?page_id=16"},"modified":"2024-05-27T16:08:03","modified_gmt":"2024-05-27T16:08:03","slug":"create-your-website-with-blocks","status":"publish","type":"page","link":"https:\/\/flohmarkt.harkenbleck.de\/","title":{"rendered":"Harkenblecker Flohmarkt"},"content":{"rendered":"\n<h3 class=\"wp-block-heading alignwide has-text-align-left has-text-align-wide has-text-color\" style=\"color:#384f73;font-size:30px;font-style:normal;font-weight:600;line-height:1.1\">Ein toller Erfolg und viele Spenden f\u00fcr den Kindergarten!<\/h3>\n\n\n\n<div class=\"wp-block-columns alignwide is-layout-flex wp-container-core-columns-is-layout-9d6595d7 wp-block-columns-is-layout-flex\">\n<div class=\"wp-block-column is-layout-flow wp-block-column-is-layout-flow\">\n<h2 class=\"wp-block-heading has-text-color\" style=\"color:#cf395c;font-size:60px;font-style:normal;font-weight:500\">Am 26.5.2024 fand unser gro\u00dfer<br>Dorf-Hof-Garagen-Flohmarkt<br>in Harkenbleck statt.<\/h2>\n<\/div>\n<\/div>\n\n\n\n<div style=\"height:100px\" aria-hidden=\"true\" class=\"wp-block-spacer\"><\/div>\n\n\n\n<div class=\"wp-block-columns alignwide is-layout-flex wp-container-core-columns-is-layout-9d6595d7 wp-block-columns-is-layout-flex\">\n<div class=\"wp-block-column is-layout-flow wp-block-column-is-layout-flow\"><\/div>\n<\/div>\n\n\n\n<div class=\"wp-block-columns alignwide is-layout-flex wp-container-core-columns-is-layout-9d6595d7 wp-block-columns-is-layout-flex\">\n<div class=\"wp-block-column is-layout-flow wp-block-column-is-layout-flow\">\n<p class=\"has-text-color\" style=\"color:#384f73;font-size:30px\">Bei tollstem Sonnenschein:<\/p>\n\n\n\n<h2 class=\"wp-block-heading has-text-color has-link-color wp-elements-9949b7c11694a2e56830ac147a451b81\" style=\"color:#384f73\">\u00dcber <strong>55 Haushalte<\/strong> hatten<br>zum zweiten Mal ihre Hoftore <br>und Garagen ge\u00f6ffnet.<\/h2>\n\n\n\n<h2 class=\"wp-block-heading has-text-color has-link-color wp-elements-0316e566041b3c64a5544b8ab78b7210\" style=\"color:#ff526f\">Derzeit ist kein Flohmarkt <br>geplant, aber wir sehen uns wieder \ud83d\ude09<\/h2>\n\n\n\n<p class=\"has-text-color\" style=\"color:#384f73;font-size:30px\"><br><\/p>\n<\/div>\n<\/div>\n\n\n\n<div class=\"wp-block-columns alignwide is-layout-flex wp-container-core-columns-is-layout-9d6595d7 wp-block-columns-is-layout-flex\">\n<div class=\"wp-block-column is-layout-flow wp-block-column-is-layout-flow\">\n<figure class=\"wp-block-image size-full\"><img loading=\"lazy\" decoding=\"async\" width=\"286\" height=\"275\" src=\"https:\/\/flohmarkt.harkenbleck.de\/wp-content\/uploads\/2022\/08\/Kind.png\" alt=\"\" class=\"wp-image-92\"\/><\/figure>\n<\/div>\n\n\n\n<div class=\"wp-block-column is-layout-flow wp-block-column-is-layout-flow\">\n<figure class=\"wp-block-image size-full\"><img loading=\"lazy\" decoding=\"async\" width=\"286\" height=\"275\" src=\"https:\/\/flohmarkt.harkenbleck.de\/wp-content\/uploads\/2022\/08\/Tro\u0308del.png\" alt=\"\" class=\"wp-image-93\"\/><\/figure>\n<\/div>\n\n\n\n<div class=\"wp-block-column is-layout-flow wp-block-column-is-layout-flow\">\n<figure class=\"wp-block-image size-full\"><img loading=\"lazy\" decoding=\"async\" width=\"286\" height=\"275\" src=\"https:\/\/flohmarkt.harkenbleck.de\/wp-content\/uploads\/2022\/08\/kleidung.png\" alt=\"\" class=\"wp-image-94\"\/><\/figure>\n<\/div>\n<\/div>\n\n\n\n<div style=\"height:50px\" aria-hidden=\"true\" class=\"wp-block-spacer\"><\/div>\n\n\n\n<p><strong>Spendenkonto:<\/strong><br>Hannoversche Volksbank<br>IBAN: DE83 2519 0001 0187 0335 00<br>Paypal: <a href=\"mailto:spielgarten@harkenbleck.de\" target=\"_blank\" rel=\"noreferrer noopener\">spielgarten@harkenbleck.d<\/a>e<\/p>\n","protected":false},"excerpt":{"rendered":"<p>Ein toller Erfolg und viele Spenden f\u00fcr den Kindergarten! Am 26.5.2024 fand unser gro\u00dferDorf-Hof-Garagen-Flohmarktin Harkenbleck statt. Bei tollstem Sonnenschein: \u00dcber 55 Haushalte hattenzum zweiten Mal ihre Hoftore und Garagen ge\u00f6ffnet. Derzeit ist kein Flohmarkt geplant, aber wir sehen uns wieder \ud83d\ude09 Spendenkonto:Hannoversche VolksbankIBAN: DE83 2519 0001 0187 0335 00Paypal: spielgarten@harkenbleck.de<\/p>\n","protected":false},"author":1,"featured_media":0,"parent":0,"menu_order":0,"comment_status":"closed","ping_status":"closed","template":"","meta":{"footnotes":""},"class_list":["post-16","page","type-page","status-publish","hentry","entry"],"_links":{"self":[{"href":"https:\/\/flohmarkt.harkenbleck.de\/index.php?rest_route=\/wp\/v2\/pages\/16","targetHints":{"allow":["GET"]}}],"collection":[{"href":"https:\/\/flohmarkt.harkenbleck.de\/index.php?rest_route=\/wp\/v2\/pages"}],"about":[{"href":"https:\/\/flohmarkt.harkenbleck.de\/index.php?rest_route=\/wp\/v2\/types\/page"}],"author":[{"embeddable":true,"href":"https:\/\/flohmarkt.harkenbleck.de\/index.php?rest_route=\/wp\/v2\/users\/1"}],"replies":[{"embeddable":true,"href":"https:\/\/flohmarkt.harkenbleck.de\/index.php?rest_route=%2Fwp%2Fv2%2Fcomments&post=16"}],"version-history":[{"count":57,"href":"https:\/\/flohmarkt.harkenbleck.de\/index.php?rest_route=\/wp\/v2\/pages\/16\/revisions"}],"predecessor-version":[{"id":252,"href":"https:\/\/flohmarkt.harkenbleck.de\/index.php?rest_route=\/wp\/v2\/pages\/16\/revisions\/252"}],"wp:attachment":[{"href":"https:\/\/flohmarkt.harkenbleck.de\/index.php?rest_route=%2Fwp%2Fv2%2Fmedia&parent=16"}],"curies":[{"name":"wp","href":"https:\/\/api.w.org\/{rel}","templated":true}]}}